{"id":577,"date":"2023-05-01T11:42:10","date_gmt":"2023-05-01T08:42:10","guid":{"rendered":"http:\/\/www.silverglory2.lv\/?page_id=577"},"modified":"2023-05-01T19:09:13","modified_gmt":"2023-05-01T16:09:13","slug":"kakeni","status":"publish","type":"page","link":"https:\/\/www.silverglory.lv\/lv\/kakeni\/","title":{"rendered":"Ka\u0137\u0113ni"},"content":{"rendered":"<h2>M\u016bsu ka\u0137\u0113ni &#8211; litera Ace<\/h2>\n<p><img loading=\"lazy\" decoding=\"async\" class=\"alignnone size-medium wp-image-568\" src=\"https:\/\/www.silverglory.lv\/wp-content\/uploads\/2023\/05\/silver-glory-cats-300x162.jpg\" alt=\"\" width=\"300\" height=\"162\" srcset=\"https:\/\/www.silverglory.lv\/wp-content\/uploads\/2023\/05\/silver-glory-cats-300x162.jpg 300w, https:\/\/www.silverglory.lv\/wp-content\/uploads\/2023\/05\/silver-glory-cats.jpg 670w\" sizes=\"(max-width: 300px) 100vw, 300px\" \/><\/p>\n<p>Brini\u0161kiga pi\u0113tirn\u012beka uz Ces\u012bs<\/p>\n<p><img loading=\"lazy\" decoding=\"async\" class=\"alignnone size-medium wp-image-570\" src=\"https:\/\/www.silverglory.lv\/wp-content\/uploads\/2023\/05\/cesis_est_009a-300x216.jpg\" alt=\"\" width=\"300\" height=\"216\" srcset=\"https:\/\/www.silverglory.lv\/wp-content\/uploads\/2023\/05\/cesis_est_009a-300x216.jpg 300w, https:\/\/www.silverglory.lv\/wp-content\/uploads\/2023\/05\/cesis_est_009a.jpg 506w\" sizes=\"(max-width: 300px) 100vw, 300px\" \/><\/p>\n<p>Uz izst\u0101d\u0113 C\u0113s\u012bs<\/p>\n<p><img loading=\"lazy\" decoding=\"async\" class=\"alignnone size-medium wp-image-572\" src=\"https:\/\/www.silverglory.lv\/wp-content\/uploads\/2023\/05\/cesis_est_003a-300x208.jpg\" alt=\"\" width=\"300\" height=\"208\" srcset=\"https:\/\/www.silverglory.lv\/wp-content\/uploads\/2023\/05\/cesis_est_003a-300x208.jpg 300w, https:\/\/www.silverglory.lv\/wp-content\/uploads\/2023\/05\/cesis_est_003a.jpg 458w\" sizes=\"(max-width: 300px) 100vw, 300px\" \/><\/p>\n<p>Gaidiem vertejumu tiesne\u0161us<\/p>\n<p><img loading=\"lazy\" decoding=\"async\" class=\"alignnone size-medium wp-image-574\" src=\"https:\/\/www.silverglory.lv\/wp-content\/uploads\/2023\/05\/cesis_est_011a-240x300.jpg\" alt=\"\" width=\"240\" height=\"300\" srcset=\"https:\/\/www.silverglory.lv\/wp-content\/uploads\/2023\/05\/cesis_est_011a-240x300.jpg 240w, https:\/\/www.silverglory.lv\/wp-content\/uploads\/2023\/05\/cesis_est_011a.jpg 424w\" sizes=\"(max-width: 240px) 100vw, 240px\" \/><\/p>\n<p>Ace Lakka ir m\u016bsu zvaigzne uz izst\u0101d\u0113<\/p>\n","protected":false},"excerpt":{"rendered":"<p>M\u016bsu ka\u0137\u0113ni &#8211; litera Ace Brini\u0161kiga pi\u0113tirn\u012beka uz Ces\u012bs Uz izst\u0101d\u0113 C\u0113s\u012bs Gaidiem vertejumu tiesne\u0161us Ace Lakka ir m\u016bsu [&hellip;]<\/p>\n","protected":false},"author":1,"featured_media":0,"parent":0,"menu_order":0,"comment_status":"closed","ping_status":"closed","template":"","meta":{"footnotes":""},"acf":[],"_links":{"self":[{"href":"https:\/\/www.silverglory.lv\/lv\/wp-json\/wp\/v2\/pages\/577"}],"collection":[{"href":"https:\/\/www.silverglory.lv\/lv\/wp-json\/wp\/v2\/pages"}],"about":[{"href":"https:\/\/www.silverglory.lv\/lv\/wp-json\/wp\/v2\/types\/page"}],"author":[{"embeddable":true,"href":"https:\/\/www.silverglory.lv\/lv\/wp-json\/wp\/v2\/users\/1"}],"replies":[{"embeddable":true,"href":"https:\/\/www.silverglory.lv\/lv\/wp-json\/wp\/v2\/comments?post=577"}],"version-history":[{"count":2,"href":"https:\/\/www.silverglory.lv\/lv\/wp-json\/wp\/v2\/pages\/577\/revisions"}],"predecessor-version":[{"id":596,"href":"https:\/\/www.silverglory.lv\/lv\/wp-json\/wp\/v2\/pages\/577\/revisions\/596"}],"wp:attachment":[{"href":"https:\/\/www.silverglory.lv\/lv\/wp-json\/wp\/v2\/media?parent=577"}],"curies":[{"name":"wp","href":"https:\/\/api.w.org\/{rel}","templated":true}]}}