{"id":564,"date":"2023-05-01T11:36:34","date_gmt":"2023-05-01T08:36:34","guid":{"rendered":"http:\/\/www.silverglory2.lv\/?page_id=564"},"modified":"2023-05-01T11:38:59","modified_gmt":"2023-05-01T08:38:59","slug":"koti","status":"publish","type":"page","link":"https:\/\/www.silverglory.lv\/lv\/koti\/","title":{"rendered":"Ka\u0137i"},"content":{"rendered":"<p>Ka\u0137is v\u0101rd\u0101 Dodiks<\/p>\n<p class=\"img_caption\">Komih\u00e5g\u2019s Dunkerlumpen &#8211; br\u012bni\u0161\u0137\u012bgs Burmad \u0161\u0137irnes p\u0101rst\u0101vis<\/p>\n<p><img loading=\"lazy\" decoding=\"async\" class=\"size-medium wp-image-561\" src=\"http:\/\/www.silverglory2.lv\/wp-content\/uploads\/2023\/05\/dodik_01c-300x225.jpg\" alt=\"\" width=\"300\" height=\"225\" srcset=\"https:\/\/www.silverglory.lv\/wp-content\/uploads\/2023\/05\/dodik_01c-300x225.jpg 300w, https:\/\/www.silverglory.lv\/wp-content\/uploads\/2023\/05\/dodik_01c.jpg 448w\" sizes=\"(max-width: 300px) 100vw, 300px\" \/><\/p>\n","protected":false},"excerpt":{"rendered":"<p>Ka\u0137is v\u0101rd\u0101 Dodiks Komih\u00e5g\u2019s Dunkerlumpen &#8211; br\u012bni\u0161\u0137\u012bgs Burmad \u0161\u0137irnes p\u0101rst\u0101vis<\/p>\n","protected":false},"author":1,"featured_media":0,"parent":0,"menu_order":0,"comment_status":"closed","ping_status":"closed","template":"","meta":{"footnotes":""},"acf":[],"_links":{"self":[{"href":"https:\/\/www.silverglory.lv\/lv\/wp-json\/wp\/v2\/pages\/564"}],"collection":[{"href":"https:\/\/www.silverglory.lv\/lv\/wp-json\/wp\/v2\/pages"}],"about":[{"href":"https:\/\/www.silverglory.lv\/lv\/wp-json\/wp\/v2\/types\/page"}],"author":[{"embeddable":true,"href":"https:\/\/www.silverglory.lv\/lv\/wp-json\/wp\/v2\/users\/1"}],"replies":[{"embeddable":true,"href":"https:\/\/www.silverglory.lv\/lv\/wp-json\/wp\/v2\/comments?post=564"}],"version-history":[{"count":2,"href":"https:\/\/www.silverglory.lv\/lv\/wp-json\/wp\/v2\/pages\/564\/revisions"}],"predecessor-version":[{"id":566,"href":"https:\/\/www.silverglory.lv\/lv\/wp-json\/wp\/v2\/pages\/564\/revisions\/566"}],"wp:attachment":[{"href":"https:\/\/www.silverglory.lv\/lv\/wp-json\/wp\/v2\/media?parent=564"}],"curies":[{"name":"wp","href":"https:\/\/api.w.org\/{rel}","templated":true}]}}