{"id":459,"date":"2023-01-22T14:07:41","date_gmt":"2023-01-22T11:07:41","guid":{"rendered":"http:\/\/www.silverglory2.lv\/?page_id=459"},"modified":"2023-06-05T20:10:35","modified_gmt":"2023-06-05T17:10:35","slug":"musu-majdzivnieki","status":"publish","type":"page","link":"https:\/\/www.silverglory.lv\/lv\/musu-majdzivnieki\/","title":{"rendered":"M\u016bsu m\u0101jdz\u012bvnieki"},"content":{"rendered":"<p><img loading=\"lazy\" decoding=\"async\" class=\"wp-image-110 alignleft\" src=\"http:\/\/www.silverglory.lv\/wp-content\/uploads\/2023\/01\/burmilla-silverglory-juna-300x226.jpg\" alt=\"\" width=\"297\" height=\"224\" srcset=\"https:\/\/www.silverglory.lv\/wp-content\/uploads\/2023\/01\/burmilla-silverglory-juna-300x226.jpg 300w, https:\/\/www.silverglory.lv\/wp-content\/uploads\/2023\/01\/burmilla-silverglory-juna.jpg 359w\" sizes=\"(max-width: 297px) 100vw, 297px\" \/>\u00a0 \u00a0 \u00a0 \u00a0 \u00a0 \u00a0 \u00a0 \u00a0 \u00a0 \u00a0 \u00a0 \u00a0 \u00a0 \u00a0 \u00a0\u00a0<\/p>\n<p>&nbsp;<\/p>\n<p style=\"text-align: left;\">LV*FAIRY DREAM Junona IC<\/p>\n<p style=\"text-align: center;\"><img loading=\"lazy\" decoding=\"async\" class=\"size-medium wp-image-109 alignleft\" src=\"http:\/\/www.silverglory.lv\/wp-content\/uploads\/2023\/01\/burmilla-silverglory-dee-300x260.jpg\" alt=\"\" width=\"300\" height=\"260\" srcset=\"https:\/\/www.silverglory.lv\/wp-content\/uploads\/2023\/01\/burmilla-silverglory-dee-300x260.jpg 300w, https:\/\/www.silverglory.lv\/wp-content\/uploads\/2023\/01\/burmilla-silverglory-dee.jpg 311w\" sizes=\"(max-width: 300px) 100vw, 300px\" \/><\/p>\n<p>&nbsp;<\/p>\n<p>&nbsp;<\/p>\n<p style=\"text-align: left;\">GB*GEM&#8217;S DIAMONAIRE IC<\/p>\n<p><img loading=\"lazy\" decoding=\"async\" class=\"wp-image-111 alignleft\" src=\"http:\/\/www.silverglory.lv\/wp-content\/uploads\/2023\/01\/burmilla-silverglory-all-300x187.jpg\" alt=\"\" width=\"340\" height=\"212\" srcset=\"https:\/\/www.silverglory.lv\/wp-content\/uploads\/2023\/01\/burmilla-silverglory-all-300x187.jpg 300w, https:\/\/www.silverglory.lv\/wp-content\/uploads\/2023\/01\/burmilla-silverglory-all.jpg 667w\" sizes=\"(max-width: 340px) 100vw, 340px\" \/><\/p>\n<p>&nbsp;<\/p>\n<p>&nbsp;<\/p>\n<p style=\"text-align: left;\">LV* SILVER GLORY ACE<\/p>\n","protected":false},"excerpt":{"rendered":"<p>\u00a0 \u00a0 \u00a0 \u00a0 \u00a0 \u00a0 \u00a0 \u00a0 \u00a0 \u00a0 \u00a0 \u00a0 \u00a0 \u00a0 \u00a0\u00a0 &nbsp; LV*FAIRY DREAM Junona [&hellip;]<\/p>\n","protected":false},"author":1,"featured_media":0,"parent":0,"menu_order":0,"comment_status":"closed","ping_status":"closed","template":"","meta":{"footnotes":""},"acf":[],"_links":{"self":[{"href":"https:\/\/www.silverglory.lv\/lv\/wp-json\/wp\/v2\/pages\/459"}],"collection":[{"href":"https:\/\/www.silverglory.lv\/lv\/wp-json\/wp\/v2\/pages"}],"about":[{"href":"https:\/\/www.silverglory.lv\/lv\/wp-json\/wp\/v2\/types\/page"}],"author":[{"embeddable":true,"href":"https:\/\/www.silverglory.lv\/lv\/wp-json\/wp\/v2\/users\/1"}],"replies":[{"embeddable":true,"href":"https:\/\/www.silverglory.lv\/lv\/wp-json\/wp\/v2\/comments?post=459"}],"version-history":[{"count":2,"href":"https:\/\/www.silverglory.lv\/lv\/wp-json\/wp\/v2\/pages\/459\/revisions"}],"predecessor-version":[{"id":599,"href":"https:\/\/www.silverglory.lv\/lv\/wp-json\/wp\/v2\/pages\/459\/revisions\/599"}],"wp:attachment":[{"href":"https:\/\/www.silverglory.lv\/lv\/wp-json\/wp\/v2\/media?parent=459"}],"curies":[{"name":"wp","href":"https:\/\/api.w.org\/{rel}","templated":true}]}}