{"id":405,"date":"2023-01-21T23:50:58","date_gmt":"2023-01-21T20:50:58","guid":{"rendered":"http:\/\/www.silverglory2.lv\/o-pitomnike\/"},"modified":"2023-06-05T20:26:52","modified_gmt":"2023-06-05T17:26:52","slug":"o-pitomnike","status":"publish","type":"page","link":"https:\/\/www.silverglory.lv\/lv\/o-pitomnike\/","title":{"rendered":"Par audz\u0113tavu"},"content":{"rendered":"<h2>\u00a0<\/h2>\n<h3>Tiffany &#8211; melna labradora retr\u012bvera meitene, apbr\u012bnojams sunene<\/h3>\n<p>S\u0101kum\u0101 bija Tifa&#8230;<img loading=\"lazy\" decoding=\"async\" class=\"size-full wp-image-614 alignleft\" src=\"https:\/\/www.silverglory.lv\/wp-content\/uploads\/2023\/06\/tifany-e1685985801320.jpg\" alt=\"\" width=\"300\" height=\"196\" \/> \u00a0vai piln\u0101 v\u0101rd\u0101 Tiffany Tinkerbell Pamos melna labradora retr\u012bvera meitene \u2013 apbr\u012bnojams sunene, izcila tus\u0113t\u0101ja un br\u012bni\u0161\u0137\u012bga draudzene visai tuvai un t\u0101lai apkaimei. \u0160iem su\u0146iem ir izcili att\u012bst\u012bta r\u016bp\u012bbas saj\u016bta \u2013 par \u0123imenes locek\u013ciem, par saviem su\u0146u un cilv\u0113ku draugiem, bet it \u012bpa\u0161i par mazu\u013ciem, k\u0101 cilv\u0113ku, t\u0101 un zv\u0113ru. B\u0113rni \u0123imen\u0113 sen jau izauga un dz\u012bvo atsevi\u0161\u0137i, mazb\u0113rni pagaid\u0101m ir tikai pl\u0101nos, bet kuc\u0113nu Tifai diem\u017e\u0113l nav un neb\u016bs, bet vajadz\u012bba p\u0113c apr\u016bpes palika. Un uz ielas aizvien tiek sastapti nelieli astaini un p\u016bkaini dz\u012bvnieci\u0146i, par kuriem noteikti vajadz\u0113tu par\u016bp\u0113ties labradoram, bet visi vi\u0146i ir kaut k\u0101di nepareizi \u2013 \u0161\u0146\u0101c, b\u0113g proj\u0101m un ne\u013cauj ar sevi rota\u013c\u0101ties. Bet rota\u013c\u0101ties ar mazu\u013ciem Tifanija m\u012bl un m\u0101k \u013coti saudz\u012bgi, pat ar \u013coti maziem.<\/p>\n<p>&nbsp;<\/p>\n<p>&nbsp;<\/p>\n<h3>Burmillas ka\u0137eni Fairy Dream Junona un burmas ka\u0137is Dodiks<img loading=\"lazy\" decoding=\"async\" class=\"size-medium wp-image-41 alignleft\" src=\"http:\/\/www.silverglory.lv\/wp-content\/uploads\/2023\/01\/koska2-300x224.jpg\" alt=\"\" width=\"300\" height=\"224\" srcset=\"https:\/\/www.silverglory.lv\/wp-content\/uploads\/2023\/01\/koska2-300x224.jpg 300w, https:\/\/www.silverglory.lv\/wp-content\/uploads\/2023\/01\/koska2.jpg 450w\" sizes=\"(max-width: 300px) 100vw, 300px\" \/><\/h3>\n<p>L\u016bk un par\u0101d\u012bj\u0101s m\u016bsu \u0123imen\u0113 uzdevums \u2013 atrast \u0161os mazos astainos dz\u012bvnieci\u0146us, kurus sauc par ka\u0137iem, komp\u0101nijai m\u016bsu labradoram. Bet t\u0101dus, lai p\u0113c rakstura un uzved\u012bbas b\u016btu maz\u0101s labradoru kopijas \u2013 draudz\u012bgus visiem m\u0101jas iem\u012btniekiem, dz\u012bvniekus ieskaitot, zi\u0146k\u0101r\u012bgus, rota\u013c\u012bgus un nekait\u012bgus. Uzdevums izr\u0101d\u012bj\u0101s ne no vieglajiem, bet p\u0113c ilgiem mekl\u0113jumiem gr\u0101mat\u0101s un internet\u0101 mums uzsmaid\u012bja veiksme un m\u0113s ieguv\u0101m ka\u0137u labradoru \u2013 burmillas ka\u0137eni Fairy Dream Junona vai k\u0101 vi\u0146u saucam m\u0101j\u0101s Junu. Komp\u0101nij\u0101 ar vi\u0146u pie mums p\u0101rbrauca burmas \u0161kirnes nopietns runcis lab\u0101kajos gados v\u0101rd\u0101 Dodiks vai ar\u012b Komih\u00e5g\u2019s Dunkerlumpen , k\u0101 vi\u0146u d\u0113v\u0113 oficialajos pap\u012bros<\/p>\n<h3>\u00a0<\/h3>\n<h3>\n<img loading=\"lazy\" decoding=\"async\" class=\"size-medium wp-image-43 alignleft\" src=\"http:\/\/www.silverglory.lv\/wp-content\/uploads\/2023\/01\/koska-1-300x300.jpg\" alt=\"\" width=\"300\" height=\"300\" srcset=\"https:\/\/www.silverglory.lv\/wp-content\/uploads\/2023\/01\/koska-1-300x300.jpg 300w, https:\/\/www.silverglory.lv\/wp-content\/uploads\/2023\/01\/koska-1-150x150.jpg 150w, https:\/\/www.silverglory.lv\/wp-content\/uploads\/2023\/01\/koska-1.jpg 450w\" sizes=\"(max-width: 300px) 100vw, 300px\" \/><\/h3>\n<h3>Juna &#8211; Inter Champion<\/h3>\n<p>&nbsp;<\/p>\n<p>Juna atbrauca pie mums, k\u0101 4 m\u0113ne\u0161u vecs ka\u0137\u0113ns, kur\u0161 da\u017eu dienu laik\u0101 iedz\u012bvoj\u0101s un izp\u0113t\u012bja m\u0101j\u0101s praktiski visu. Bailes pret suni un visu p\u0101r\u0113jo piln\u012bgi nebija, bet zi\u0146k\u0101r\u012bbas, rota\u013ciguma un draudz\u012bguma &#8211; papilnam. Par rot\u013clietu var b\u016bt izmantots jebkur\u0161 priek\u0161mets daudz maz piem\u0113rots p\u0113c izm\u0113ra, kur\u0161 atrodams uz gr\u012bdas vai d\u012bv\u0101na. Ja t\u0101da nav, tad var rota\u013coties pa\u0161ai ar sevi vai ar citiem m\u0101jas iem\u012btniekiem. P\u0101reja no sp\u0113les uz mieru un otr\u0101di, var notikt vien\u0101 mirkl\u012b. Probl\u0113mu ar skr\u0101p\u0113jumiem no ka\u0137u nagiem ar\u012b nav \u2013 rota\u013cajas burmillas ar cilv\u0113kiem nepalai\u017eot nagus Ar b\u0113rniem \u013coti paciet\u012bgi.<\/p>\n<p>Pie mums Juna atbrauca jau izbaud\u012bjusi uz savas \u0101das piedal\u012b\u0161anos izst\u0101d\u0113 \u2013 Tallin\u0101, kur nedaudz negaid\u012bti k\u013cuva ne tikai par izst\u0101des lab\u0101ko ka\u0137\u0113nu sav\u0101 \u0161\u0137irn\u0113, bet ar\u012b uzvarot vis\u0101 sav\u0101 \u0161\u0137irn\u0113, apsteidzot pieaugu\u0161oa konkurentus no Somijas. T\u0101p\u0113c un mums vajadz\u0113ja turpin\u0101t \u0161o uzs\u0101kto lietu \u2013piedal\u012b\u0161anos ka\u0137u izst\u0101d\u0113s, interesantu, bet nemaz ne tik vieglu, k\u0101 dz\u012bvniekam, t\u0101 un vi\u0146a \u012bpa\u0161niekiem. No t\u0101 laika mums aiz muguras jau palika diezgan daudz izst\u0101\u017eu (p\u0113c FIFE versijas), katr\u0101 no kur\u0101m m\u0113s sa\u0146\u0113m\u0101m atbilsto\u0161u sertifik\u0101tu, kas noz\u012bm\u0113ja, ka m\u0113s esam lab\u0101kie sav\u0101 klas\u0113 m\u016bsu sug\u0101. Pagaid\u0101m esam izaugu\u0161i l\u012bdz Inter Champion titulam. Izdev\u0101s ar\u012b v\u0113l vienu reizi k\u013c\u016bt par lab\u0101kiem sav\u0101 sug\u0101 (sa\u0146emt t\u0101 saucamo BIV titulu).<\/p>\n<p>2009.gada beig\u0101s tika re\u0123istr\u0113ta ka\u0137u audz\u0113tava Silver Glory, kura nodarbosies ar burmillu audz\u0113\u0161anu un tagad m\u0113s gaid\u0101m pirmos ka\u0137\u0113nus.<\/p>\n","protected":false},"excerpt":{"rendered":"<p>\u00a0 Tiffany &#8211; melna labradora retr\u012bvera meitene, apbr\u012bnojams sunene S\u0101kum\u0101 bija Tifa&#8230; \u00a0vai piln\u0101 v\u0101rd\u0101 Tiffany Tinkerbell Pamos melna [&hellip;]<\/p>\n","protected":false},"author":1,"featured_media":0,"parent":0,"menu_order":0,"comment_status":"closed","ping_status":"closed","template":"","meta":{"footnotes":""},"acf":[],"_links":{"self":[{"href":"https:\/\/www.silverglory.lv\/lv\/wp-json\/wp\/v2\/pages\/405"}],"collection":[{"href":"https:\/\/www.silverglory.lv\/lv\/wp-json\/wp\/v2\/pages"}],"about":[{"href":"https:\/\/www.silverglory.lv\/lv\/wp-json\/wp\/v2\/types\/page"}],"author":[{"embeddable":true,"href":"https:\/\/www.silverglory.lv\/lv\/wp-json\/wp\/v2\/users\/1"}],"replies":[{"embeddable":true,"href":"https:\/\/www.silverglory.lv\/lv\/wp-json\/wp\/v2\/comments?post=405"}],"version-history":[{"count":24,"href":"https:\/\/www.silverglory.lv\/lv\/wp-json\/wp\/v2\/pages\/405\/revisions"}],"predecessor-version":[{"id":622,"href":"https:\/\/www.silverglory.lv\/lv\/wp-json\/wp\/v2\/pages\/405\/revisions\/622"}],"wp:attachment":[{"href":"https:\/\/www.silverglory.lv\/lv\/wp-json\/wp\/v2\/media?parent=405"}],"curies":[{"name":"wp","href":"https:\/\/api.w.org\/{rel}","templated":true}]}}